{"id":286288,"date":"2024-07-09T16:30:32","date_gmt":"2024-07-09T16:30:32","guid":{"rendered":"https:\/\/europrogress.it\/prodotto\/multisunart-monofalda\/"},"modified":"2025-12-11T15:16:32","modified_gmt":"2025-12-11T15:16:32","slug":"multisunart-monopente","status":"publish","type":"product","link":"https:\/\/europrogress.it\/fr\/produit\/multisunart-monopente\/","title":{"rendered":"Multisunart monopente"},"content":{"rendered":"<ul>\n<li><b>Pieds<\/b> :<span style=\"font-weight: 400;\"> \u00e0 sceller dans le b\u00e9ton \/ avec h\u00e9lice \/ \u00e0 enterrer \/ \u00e0 fixer avec des chevilles.<\/span><\/li>\n<li><b>Parois lat\u00e9rales<\/b> : <span style=\"font-weight: 400;\">enroulables manuellement ou motoris\u00e9es. <\/span><span style=\"font-weight: 400;\">Clin de bardage avec b\u00e2che transparente ou filet anti-pucerons.<\/span><\/li>\n<li><b>Parois avant <\/b>: <span style=\"font-weight: 400;\">enroulables manuellement ou motoris\u00e9es. <\/span><span style=\"font-weight: 400;\">Clin de bardage avec b\u00e2che transparente ou filet anti-pucerons.<\/span><\/li>\n<\/ul>\n","protected":false},"excerpt":{"rendered":"<p><span style=\"font-weight: 400;\">Le mod\u00e8le de serre \u00e0 trav\u00e9es multiples <strong>Multisunart<\/strong><\/span><b> monopente<\/b><span style=\"font-weight: 400;\"> est une version optimis\u00e9e de la Multisunart, con\u00e7ue pour exploiter au maximum l\u2019irradiation solaire. Son <\/span><b>inclinaison<\/b> <span style=\"font-weight: 400;\">est<\/span><b> ajustable<\/b> <span style=\"font-weight: 400;\">en fonction de la latitude, garantissant ainsi une r\u00e9cup\u00e9ration optimale de l\u2019\u00e9nergie solaire.<\/span><\/p>\n<p><img loading=\"lazy\" decoding=\"async\" class=\"alignnone wp-image-283509\" src=\"https:\/\/europrogress.it\/wp-content\/uploads\/2024\/07\/Immagine7.png\" alt=\"\" width=\"129\" height=\"138\" \/><img loading=\"lazy\" decoding=\"async\" class=\"alignnone wp-image-283510\" src=\"https:\/\/europrogress.it\/wp-content\/uploads\/2024\/07\/Immagine8.png\" alt=\"\" width=\"221\" height=\"99\" \/><\/p>\n","protected":false},"featured_media":285001,"comment_status":"open","ping_status":"closed","template":"","meta":{"_acf_changed":false,"_et_pb_use_builder":"","_et_pb_old_content":"","_et_gb_content_width":""},"product_brand":[],"product_cat":[136,133],"product_tag":[],"class_list":{"0":"post-286288","1":"product","2":"type-product","3":"status-publish","4":"has-post-thumbnail","6":"product_cat-agrivoltaique","7":"product_cat-dautre-solutions","9":"first","10":"instock","11":"shipping-taxable","12":"product-type-simple"},"acf":[],"_links":{"self":[{"href":"https:\/\/europrogress.it\/fr\/wp-json\/wp\/v2\/product\/286288","targetHints":{"allow":["GET"]}}],"collection":[{"href":"https:\/\/europrogress.it\/fr\/wp-json\/wp\/v2\/product"}],"about":[{"href":"https:\/\/europrogress.it\/fr\/wp-json\/wp\/v2\/types\/product"}],"replies":[{"embeddable":true,"href":"https:\/\/europrogress.it\/fr\/wp-json\/wp\/v2\/comments?post=286288"}],"wp:featuredmedia":[{"embeddable":true,"href":"https:\/\/europrogress.it\/fr\/wp-json\/wp\/v2\/media\/285001"}],"wp:attachment":[{"href":"https:\/\/europrogress.it\/fr\/wp-json\/wp\/v2\/media?parent=286288"}],"wp:term":[{"taxonomy":"product_brand","embeddable":true,"href":"https:\/\/europrogress.it\/fr\/wp-json\/wp\/v2\/product_brand?post=286288"},{"taxonomy":"product_cat","embeddable":true,"href":"https:\/\/europrogress.it\/fr\/wp-json\/wp\/v2\/product_cat?post=286288"},{"taxonomy":"product_tag","embeddable":true,"href":"https:\/\/europrogress.it\/fr\/wp-json\/wp\/v2\/product_tag?post=286288"}],"curies":[{"name":"wp","href":"https:\/\/api.w.org\/{rel}","templated":true}]}}