{"id":286287,"date":"2024-07-09T15:39:03","date_gmt":"2024-07-09T15:39:03","guid":{"rendered":"https:\/\/europrogress.it\/prodotto\/multisunart-a-doppia-falda\/"},"modified":"2025-12-11T15:11:20","modified_gmt":"2025-12-11T15:11:20","slug":"multisunart-double-pente","status":"publish","type":"product","link":"https:\/\/europrogress.it\/fr\/produit\/multisunart-double-pente\/","title":{"rendered":"Multisunart"},"content":{"rendered":"<ul>\n<li><b>Pieds<\/b> : <span style=\"font-weight: 400;\">\u00e0 sceller dans le b\u00e9ton \/ avec h\u00e9lice \/ \u00e0 enterrer \/ \u00e0 fixer avec des chevilles.<\/span><\/li>\n<li><b>Couverture<\/b> : <span style=\"font-weight: 400;\">polycarbonate ondul\u00e9 \/ polycarbonate alv\u00e9olaire \/ Ondex blanc \/ panneaux sandwich.<\/span> <span style=\"font-weight: 400;\">Le syst\u00e8me de fixation des panneaux photovolta\u00efques est cr\u00e9\u00e9 avec de profil\u00e9s d\u2019aluminium, adaptables \u00e0 toutes les dimensions de panneaux.<\/span><\/li>\n<li><b>Parois lat\u00e9rales<\/b> : <span style=\"font-weight: 400;\">enroulables manuellement ou motoris\u00e9es, avec possibilit\u00e9 de clin de bardage en<\/span> <span style=\"font-weight: 400;\">polycarbonate alv\u00e9olaire, ondul\u00e9 ou Ondex blanc.<\/span><\/li>\n<li style=\"font-weight: 400;\" aria-level=\"1\"><b>Parois avant <\/b>: <span style=\"font-weight: 400;\">enroulables manuellement ou motoris\u00e9es, avec possibilit\u00e9 de clin de bardage en polycarbonate alv\u00e9olaire<\/span><span style=\"font-weight: 400;\">, ondul\u00e9 ou Ondex blanc.<\/span><\/li>\n<li><span style=\"font-weight: 400;\">Diff\u00e9rentes<\/span><b> ouvertures de fa\u00eetage <\/b><span style=\"font-weight: 400;\">disponibles.<\/span><\/li>\n<\/ul>\n","protected":false},"excerpt":{"rendered":"<p><span style=\"font-weight: 400;\"><strong>Multisunart<\/strong> est la version \u00e0<\/span><b> fa\u00eetage droit<\/b> <span style=\"font-weight: 400;\">et double pente de la serre \u00e0 trav\u00e9es multiples Multiart, optimis\u00e9e pour la <\/span><b>couverture en mat\u00e9riaux rigides<\/b><span style=\"font-weight: 400;\"> et l\u2019installation de<\/span> <b>panneaux photovolta\u00efques<\/b><span style=\"font-weight: 400;\">. Elle est disponible en deux types, \u00e0 savoir <\/span><b>sym\u00e9trique<\/b><span style=\"font-weight: 400;\"> ou<\/span> <b>asym\u00e9trique<\/b><span style=\"font-weight: 400;\">, selon l\u2019orientation solaire requise. Gr\u00e2ce \u00e0 l\u2019 <\/span><b>installation photovolta\u00efque sur le toit<\/b><span style=\"font-weight: 400;\">, cette configuration permet de maximiser le rendement de l\u2019\u00e9nergie solaire.<\/span><\/p>\n<p><img loading=\"lazy\" decoding=\"async\" class=\"alignnone wp-image-283487 \" src=\"https:\/\/europrogress.it\/wp-content\/uploads\/2024\/07\/Immagine4-1-800x70.png\" alt=\"\" width=\"628\" height=\"55\" srcset=\"https:\/\/europrogress.it\/wp-content\/uploads\/2024\/07\/Immagine4-1-800x70.png 628w, https:\/\/europrogress.it\/wp-content\/uploads\/2024\/07\/Immagine4-1-480x42.png 480w\" sizes=\"(min-width: 0px) and (max-width: 480px) 480px, (min-width: 481px) 628px, 100vw\" \/><\/p>\n","protected":false},"featured_media":284995,"comment_status":"open","ping_status":"closed","template":"","meta":{"_acf_changed":false,"_et_pb_use_builder":"","_et_pb_old_content":"","_et_gb_content_width":""},"product_brand":[],"product_cat":[136,133],"product_tag":[],"class_list":{"0":"post-286287","1":"product","2":"type-product","3":"status-publish","4":"has-post-thumbnail","6":"product_cat-agrivoltaique","7":"product_cat-dautre-solutions","9":"first","10":"instock","11":"shipping-taxable","12":"product-type-simple"},"acf":[],"_links":{"self":[{"href":"https:\/\/europrogress.it\/fr\/wp-json\/wp\/v2\/product\/286287","targetHints":{"allow":["GET"]}}],"collection":[{"href":"https:\/\/europrogress.it\/fr\/wp-json\/wp\/v2\/product"}],"about":[{"href":"https:\/\/europrogress.it\/fr\/wp-json\/wp\/v2\/types\/product"}],"replies":[{"embeddable":true,"href":"https:\/\/europrogress.it\/fr\/wp-json\/wp\/v2\/comments?post=286287"}],"wp:featuredmedia":[{"embeddable":true,"href":"https:\/\/europrogress.it\/fr\/wp-json\/wp\/v2\/media\/284995"}],"wp:attachment":[{"href":"https:\/\/europrogress.it\/fr\/wp-json\/wp\/v2\/media?parent=286287"}],"wp:term":[{"taxonomy":"product_brand","embeddable":true,"href":"https:\/\/europrogress.it\/fr\/wp-json\/wp\/v2\/product_brand?post=286287"},{"taxonomy":"product_cat","embeddable":true,"href":"https:\/\/europrogress.it\/fr\/wp-json\/wp\/v2\/product_cat?post=286287"},{"taxonomy":"product_tag","embeddable":true,"href":"https:\/\/europrogress.it\/fr\/wp-json\/wp\/v2\/product_tag?post=286287"}],"curies":[{"name":"wp","href":"https:\/\/api.w.org\/{rel}","templated":true}]}}