{"id":286285,"date":"2024-07-08T14:56:25","date_gmt":"2024-07-08T14:56:25","guid":{"rendered":"https:\/\/europrogress.it\/prodotto\/ombraio-piano\/"},"modified":"2025-12-11T15:17:54","modified_gmt":"2025-12-11T15:17:54","slug":"ombrieres-planes","status":"publish","type":"product","link":"https:\/\/europrogress.it\/fr\/produit\/ombrieres-planes\/","title":{"rendered":"Ombri\u00e8res planes"},"content":{"rendered":"<ul>\n<li><b>Pieds<\/b> :<span style=\"font-weight: 400;\"> \u00e0 sceller dans le b\u00e9ton \/ avec h\u00e9lice \/ avec h\u00e9lice et crochet \/ \u00e0 enterrer \/ \u00e0 fixer avec des chevilles.<\/span><\/li>\n<li><b>Couverture<\/b> <span style=\"font-weight: 400;\">: filet d\u2019ombrage anti-gr\u00eale.<\/span> <span style=\"font-weight: 400;\">Possibilit\u00e9 de choisir le pourcentage d\u2019ombrage et la couleur du filet.<\/span><\/li>\n<li style=\"font-weight: 400;\" aria-level=\"1\"><b>Parois lat\u00e9rales <\/b><span style=\"font-weight: 400;\">: enroulables manuellement ou motoris\u00e9es.<\/span><\/li>\n<li><b>Parois avant<\/b> : <span style=\"font-weight: 400;\">enroulables manuellement ou motoris\u00e9es.<\/span><\/li>\n<\/ul>\n<p>&nbsp;<\/p>\n","protected":false},"excerpt":{"rendered":"<p><span style=\"font-weight: 400;\">Les ombri\u00e8res planes sont des structures con\u00e7ues pour assurer l\u2019<\/span><b>ombrage<\/b> <span style=\"font-weight: 400;\">et offrir une protection<\/span> <b>anti-gr\u00eale<\/b> <span style=\"font-weight: 400;\">aux plantes de p\u00e9pini\u00e8res, quelle que soit la saison.<\/span><\/p>\n<p><img loading=\"lazy\" decoding=\"async\" class=\"alignnone wp-image-283441\" src=\"https:\/\/europrogress.it\/wp-content\/uploads\/2024\/07\/Immagine5.png\" alt=\"\" width=\"343\" height=\"149\" \/><\/p>\n","protected":false},"featured_media":284927,"comment_status":"open","ping_status":"closed","template":"","meta":{"_acf_changed":false,"_et_pb_use_builder":"off","_et_pb_old_content":"<ul>\r\n \t<li>Structure en acier galvanis\u00e9 SENDZMIR Z275<\/li>\r\n \t<li>Pieds \u00e0 cimenter, avec h\u00e9lice, avec h\u00e9lice et crochet, \u00e0 enterrer, \u00e0 fixer avec des chevilles.<\/li>\r\n \t<li>Couverture en toile blanche\/transparente, toile double gonfl\u00e9e transparente ou blanche, toile PVC, toile PVC double et toile simple blanche avec intercalaire en laine de verre.<\/li>\r\n \t<li>Lat\u00e9raux \u00e0 enroulement manuel ou motoris\u00e9. Possibilit\u00e9 de fermetures rigides en polycarbonate alv\u00e9olaire ou ondul\u00e9. <\/li>\r\n \t<li>Frontons \u00e0 enroulement manuel ou motoris\u00e9. Possibilit\u00e9 de fermetures rigides en polycarbonate alv\u00e9olaire ou ondul\u00e9. <\/li>\r\n<\/ul>\r\n \r\n\r\n<img class=\"alignnone size-full wp-image-283327\" src=\"https:\/\/europrogress.it\/wp-content\/uploads\/2024\/05\/Immagine5.png\" alt=\"\" width=\"508\" height=\"69\">\r\n\r\n ","_et_gb_content_width":""},"product_brand":[],"product_cat":[133,135],"product_tag":[],"class_list":{"0":"post-286285","1":"product","2":"type-product","3":"status-publish","4":"has-post-thumbnail","6":"product_cat-dautre-solutions","7":"product_cat-ombrieres","9":"first","10":"instock","11":"shipping-taxable","12":"product-type-simple"},"acf":[],"_links":{"self":[{"href":"https:\/\/europrogress.it\/fr\/wp-json\/wp\/v2\/product\/286285","targetHints":{"allow":["GET"]}}],"collection":[{"href":"https:\/\/europrogress.it\/fr\/wp-json\/wp\/v2\/product"}],"about":[{"href":"https:\/\/europrogress.it\/fr\/wp-json\/wp\/v2\/types\/product"}],"replies":[{"embeddable":true,"href":"https:\/\/europrogress.it\/fr\/wp-json\/wp\/v2\/comments?post=286285"}],"wp:featuredmedia":[{"embeddable":true,"href":"https:\/\/europrogress.it\/fr\/wp-json\/wp\/v2\/media\/284927"}],"wp:attachment":[{"href":"https:\/\/europrogress.it\/fr\/wp-json\/wp\/v2\/media?parent=286285"}],"wp:term":[{"taxonomy":"product_brand","embeddable":true,"href":"https:\/\/europrogress.it\/fr\/wp-json\/wp\/v2\/product_brand?post=286285"},{"taxonomy":"product_cat","embeddable":true,"href":"https:\/\/europrogress.it\/fr\/wp-json\/wp\/v2\/product_cat?post=286285"},{"taxonomy":"product_tag","embeddable":true,"href":"https:\/\/europrogress.it\/fr\/wp-json\/wp\/v2\/product_tag?post=286285"}],"curies":[{"name":"wp","href":"https:\/\/api.w.org\/{rel}","templated":true}]}}