{"id":286276,"date":"2024-05-20T14:07:28","date_gmt":"2024-05-20T14:07:28","guid":{"rendered":"https:\/\/europrogress.it\/prodotto\/multieasy\/"},"modified":"2025-12-11T15:06:27","modified_gmt":"2025-12-11T15:06:27","slug":"multieasy","status":"publish","type":"product","link":"https:\/\/europrogress.it\/fr\/produit\/multieasy\/","title":{"rendered":"Multieasy"},"content":{"rendered":"<ul>\n<li><b>Pieds<\/b> : <span style=\"font-weight: 400;\">\u00e0 sceller dans le b\u00e9ton \/ avec h\u00e9lice \/ \u00e0 enterrer.<\/span><\/li>\n<li><b>Couverture<\/b> <span style=\"font-weight: 400;\">: film blanc ou transparent \/ filet d\u2019ombrage anti-gr\u00eale.<\/span><\/li>\n<li><b>Parois lat\u00e9rales<\/b> <span style=\"font-weight: 400;\">: enroulables manuellement ou motoris\u00e9es.<\/span><\/li>\n<li><b>Parois avant<\/b><span style=\"font-weight: 400;\"> : enroulables manuellement ou motoris\u00e9es.<\/span><\/li>\n<\/ul>\n","protected":false},"excerpt":{"rendered":"<p><span style=\"font-weight: 400;\"><strong>Multieasy<\/strong> est une serre \u00e0 trav\u00e9es multiples \u00e0 <\/span><b>structure gothique<\/b> <span style=\"font-weight: 400;\">sp\u00e9cialement con\u00e7ue pour les r\u00e9gions soumises \u00e0 de fortes<\/span><b> chutes de neige<\/b><span style=\"font-weight: 400;\">. Les mod\u00e8les de 5 \u00e0 6,50 m\u00e8tres de largeur sont id\u00e9aux pour les <\/span><b>cultures hors-sol<\/b><span style=\"font-weight: 400;\">. Par contre, les mod\u00e8les de 7,50 \u00e0 9 m\u00e8tres de largeur ont un grand volume int\u00e9rieur, optimis\u00e9 pour les cultures <\/span><b>en pleine <\/b><b>terre<\/b><span style=\"font-weight: 400;\">.<\/span><\/p>\n<p><img loading=\"lazy\" decoding=\"async\" class=\"alignnone wp-image-283471 size-full\" src=\"https:\/\/europrogress.it\/wp-content\/uploads\/2024\/05\/Immagine1.png\" alt=\"\" width=\"562\" height=\"57\" srcset=\"https:\/\/europrogress.it\/wp-content\/uploads\/2024\/05\/Immagine1.png 562w, https:\/\/europrogress.it\/wp-content\/uploads\/2024\/05\/Immagine1-480x49.png 480w\" sizes=\"(min-width: 0px) and (max-width: 480px) 480px, (min-width: 481px) 562px, 100vw\" \/><\/p>\n","protected":false},"featured_media":284969,"comment_status":"open","ping_status":"closed","template":"","meta":{"_acf_changed":false,"_et_pb_use_builder":"off","_et_pb_old_content":"<ul>\r\n \t<li><span style=\"font-weight: 400\"> <\/span><b>Pieds<\/b> <span style=\"font-weight: 400\">: \u00e0 sceller dans le b\u00e9ton \/ avec h\u00e9lice \/ \u00e0 enterrer.<\/span><\/li>\r\n \t<li><b>Couverture<\/b><span style=\"font-weight: 400\"> : film blanc ou transparent \/ filet d\u2019ombrage anti-gr\u00eale.<\/span><\/li>\r\n \t<li><b>Parois lat\u00e9rales<\/b><span style=\"font-weight: 400\"> : enroulables manuellement ou motoris\u00e9es.<\/span><\/li>\r\n \t<li><span style=\"font-weight: 400\"> <\/span><b>Parois avant <\/b><span style=\"font-weight: 400\">: enroulables manuellement ou motoris\u00e9es.<\/span><\/li>\r\n<\/ul>","_et_gb_content_width":""},"product_brand":[],"product_cat":[122,128],"product_tag":[],"class_list":{"0":"post-286276","1":"product","2":"type-product","3":"status-publish","4":"has-post-thumbnail","6":"product_cat-serres","7":"product_cat-serres-a-travees-multiples","9":"first","10":"instock","11":"shipping-taxable","12":"product-type-simple"},"acf":[],"_links":{"self":[{"href":"https:\/\/europrogress.it\/fr\/wp-json\/wp\/v2\/product\/286276","targetHints":{"allow":["GET"]}}],"collection":[{"href":"https:\/\/europrogress.it\/fr\/wp-json\/wp\/v2\/product"}],"about":[{"href":"https:\/\/europrogress.it\/fr\/wp-json\/wp\/v2\/types\/product"}],"replies":[{"embeddable":true,"href":"https:\/\/europrogress.it\/fr\/wp-json\/wp\/v2\/comments?post=286276"}],"wp:featuredmedia":[{"embeddable":true,"href":"https:\/\/europrogress.it\/fr\/wp-json\/wp\/v2\/media\/284969"}],"wp:attachment":[{"href":"https:\/\/europrogress.it\/fr\/wp-json\/wp\/v2\/media?parent=286276"}],"wp:term":[{"taxonomy":"product_brand","embeddable":true,"href":"https:\/\/europrogress.it\/fr\/wp-json\/wp\/v2\/product_brand?post=286276"},{"taxonomy":"product_cat","embeddable":true,"href":"https:\/\/europrogress.it\/fr\/wp-json\/wp\/v2\/product_cat?post=286276"},{"taxonomy":"product_tag","embeddable":true,"href":"https:\/\/europrogress.it\/fr\/wp-json\/wp\/v2\/product_tag?post=286276"}],"curies":[{"name":"wp","href":"https:\/\/api.w.org\/{rel}","templated":true}]}}