{"id":286274,"date":"2024-05-21T13:51:20","date_gmt":"2024-05-21T13:51:20","guid":{"rendered":"https:\/\/europrogress.it\/prodotto\/multi-med\/"},"modified":"2025-12-11T14:33:06","modified_gmt":"2025-12-11T14:33:06","slug":"multi-med","status":"publish","type":"product","link":"https:\/\/europrogress.it\/fr\/produit\/multi-med\/","title":{"rendered":"Multimed"},"content":{"rendered":"<ul>\n<li><b>Pieds <\/b><span style=\"font-weight: 400;\">: \u00e0 sceller dans le b\u00e9ton \/ avec h\u00e9lice \/ avec h\u00e9lice et crochet \/ \u00e0 enterrer \/ \u00e0 fixer avec des chevilles.<\/span><\/li>\n<li><b>Couverture<\/b><span style=\"font-weight: 400;\"> : film blanc ou transparent \/ double film gonfl\u00e9 transparent ou blanc \/ film ou double film en PVC \/ film simple blanc avec couche isolante en laine de verre \/ polycarbonate ondul\u00e9 et Ondex blanc.<\/span><\/li>\n<li style=\"font-weight: 400;\" aria-level=\"1\"><b>Parois lat\u00e9rales<\/b> <span style=\"font-weight: 400;\">: enroulables manuellement ou motoris\u00e9es, avec possibilit\u00e9 de clin de bardage en polycarbonate alv\u00e9olaire, <\/span><span style=\"font-weight: 400;\">ondul\u00e9 ou Ondex blanc.<\/span><\/li>\n<li><b>Parois avant <\/b><span style=\"font-weight: 400;\">: enroulables manuellement ou motoris\u00e9es, avec possibilit\u00e9 de clin de bardage en<\/span> <span style=\"font-weight: 400;\">polycarbonate alv\u00e9olaire, ondul\u00e9 ou Ondex blanc.<\/span><\/li>\n<li><span style=\"font-weight: 400;\">Diff\u00e9rentes <\/span><b>ouvertures de fa\u00eetage<\/b> <span style=\"font-weight: 400;\">disponibles.<\/span><\/li>\n<\/ul>\n","protected":false},"excerpt":{"rendered":"<p><span style=\"font-weight: 400;\"><strong>Multimed <\/strong>est un mod\u00e8le de serre \u00e0 trav\u00e9es multiples con\u00e7u pour la couverture de<\/span><b> vastes surfaces<\/b><span style=\"font-weight: 400;\">. La structure offre un<\/span> <b>excellent rapport qualit\u00e9-prix <\/b><span style=\"font-weight: 400;\">tout en conservant les m\u00eames caract\u00e9ristiques techniques que la Multiart.<\/span><\/p>\n<p><img loading=\"lazy\" decoding=\"async\" class=\"alignnone wp-image-283780\" src=\"https:\/\/europrogress.it\/wp-content\/uploads\/2024\/05\/Immagine2.png\" alt=\"\" width=\"326\" height=\"68\" \/><\/p>\n","protected":false},"featured_media":284919,"comment_status":"open","ping_status":"closed","template":"","meta":{"_acf_changed":false,"_et_pb_use_builder":"","_et_pb_old_content":"","_et_gb_content_width":""},"product_brand":[],"product_cat":[122,128],"product_tag":[],"class_list":{"0":"post-286274","1":"product","2":"type-product","3":"status-publish","4":"has-post-thumbnail","6":"product_cat-serres","7":"product_cat-serres-a-travees-multiples","9":"first","10":"instock","11":"shipping-taxable","12":"product-type-simple"},"acf":[],"_links":{"self":[{"href":"https:\/\/europrogress.it\/fr\/wp-json\/wp\/v2\/product\/286274","targetHints":{"allow":["GET"]}}],"collection":[{"href":"https:\/\/europrogress.it\/fr\/wp-json\/wp\/v2\/product"}],"about":[{"href":"https:\/\/europrogress.it\/fr\/wp-json\/wp\/v2\/types\/product"}],"replies":[{"embeddable":true,"href":"https:\/\/europrogress.it\/fr\/wp-json\/wp\/v2\/comments?post=286274"}],"wp:featuredmedia":[{"embeddable":true,"href":"https:\/\/europrogress.it\/fr\/wp-json\/wp\/v2\/media\/284919"}],"wp:attachment":[{"href":"https:\/\/europrogress.it\/fr\/wp-json\/wp\/v2\/media?parent=286274"}],"wp:term":[{"taxonomy":"product_brand","embeddable":true,"href":"https:\/\/europrogress.it\/fr\/wp-json\/wp\/v2\/product_brand?post=286274"},{"taxonomy":"product_cat","embeddable":true,"href":"https:\/\/europrogress.it\/fr\/wp-json\/wp\/v2\/product_cat?post=286274"},{"taxonomy":"product_tag","embeddable":true,"href":"https:\/\/europrogress.it\/fr\/wp-json\/wp\/v2\/product_tag?post=286274"}],"curies":[{"name":"wp","href":"https:\/\/api.w.org\/{rel}","templated":true}]}}