{"id":286272,"date":"2024-07-09T16:09:08","date_gmt":"2024-07-09T16:09:08","guid":{"rendered":"https:\/\/europrogress.it\/prodotto\/multiart-tr\/"},"modified":"2026-02-12T14:41:37","modified_gmt":"2026-02-12T14:41:37","slug":"multiart-tr","status":"publish","type":"product","link":"https:\/\/europrogress.it\/fr\/produit\/multiart-tr\/","title":{"rendered":"Multiart TR"},"content":{"rendered":"<ul>\n<li><b>Pieds<\/b> <span style=\"font-weight: 400;\">: \u00e0 sceller dans le b\u00e9ton \/ avec h\u00e9lice \/ \u00e0 enterrer \/ \u00e0 fixer avec des chevilles.<\/span><\/li>\n<li><b>Couverture<\/b><span style=\"font-weight: 400;\"><span style=\"font-weight: 400;\"> : <\/span><\/span>film blanc ou transparent \/ double film gonfl\u00e9 transparent ou blanc \/ film ou double film en PVC \/ film simple blanc avec couche isolante en laine de verre \/ polycarbonate ondul\u00e9 et Ondex blanc.<\/li>\n<li><b>Parois lat\u00e9rales<\/b> <span style=\"font-weight: 400;\">: enroulables manuellement ou motoris\u00e9es.<\/span><\/li>\n<li><b>Parois avant<\/b><span style=\"font-weight: 400;\"> enroulables manuellement ou motoris\u00e9es, avec possibilit\u00e9 de clin de bardage en polycarbonate alv\u00e9olaire, ondul\u00e9 ou Ondex blanc. <\/span><\/li>\n<li><span style=\"font-weight: 400;\">Diff\u00e9rentes <\/span><b>ouvertures de fa\u00eetage<\/b> <span style=\"font-weight: 400;\">disponibles.<\/span><\/li>\n<\/ul>\n","protected":false},"excerpt":{"rendered":"<p>Issue du mod\u00e8le \u00e0 l\u2019origine du Multiart, la structure du <strong>Multiart TR <\/strong>conserve les m\u00eames caract\u00e9ristiques techniques tout en \u00e9tant dot\u00e9e d\u2019<strong>une<\/strong> <strong>fa\u00eeti\u00e8re double courbe en treillis<\/strong>. Cette configuration conf\u00e8re une meilleure r\u00e9sistance structurelle \u00e0 l\u2019entrep\u00f4t agricole, ce qui lui permet d\u2019\u00eatre utilis\u00e9 dans des environnements aux conditions climatiques plus exigeantes.<\/p>\n<p><img loading=\"lazy\" decoding=\"async\" class=\"alignnone size-full wp-image-283496\" src=\"https:\/\/europrogress.it\/wp-content\/uploads\/2024\/07\/Immagine6.png\" alt=\"\" width=\"346\" height=\"73\" \/><\/p>\n","protected":false},"featured_media":284981,"comment_status":"open","ping_status":"closed","template":"","meta":{"_acf_changed":false,"_et_pb_use_builder":"","_et_pb_old_content":"","_et_gb_content_width":""},"product_brand":[],"product_cat":[122,130,128],"product_tag":[],"class_list":{"0":"post-286272","1":"product","2":"type-product","3":"status-publish","4":"has-post-thumbnail","6":"product_cat-serres","7":"product_cat-magazzini-agricoli-fr","8":"product_cat-serres-a-travees-multiples","10":"first","11":"instock","12":"shipping-taxable","13":"product-type-simple"},"acf":[],"_links":{"self":[{"href":"https:\/\/europrogress.it\/fr\/wp-json\/wp\/v2\/product\/286272","targetHints":{"allow":["GET"]}}],"collection":[{"href":"https:\/\/europrogress.it\/fr\/wp-json\/wp\/v2\/product"}],"about":[{"href":"https:\/\/europrogress.it\/fr\/wp-json\/wp\/v2\/types\/product"}],"replies":[{"embeddable":true,"href":"https:\/\/europrogress.it\/fr\/wp-json\/wp\/v2\/comments?post=286272"}],"wp:featuredmedia":[{"embeddable":true,"href":"https:\/\/europrogress.it\/fr\/wp-json\/wp\/v2\/media\/284981"}],"wp:attachment":[{"href":"https:\/\/europrogress.it\/fr\/wp-json\/wp\/v2\/media?parent=286272"}],"wp:term":[{"taxonomy":"product_brand","embeddable":true,"href":"https:\/\/europrogress.it\/fr\/wp-json\/wp\/v2\/product_brand?post=286272"},{"taxonomy":"product_cat","embeddable":true,"href":"https:\/\/europrogress.it\/fr\/wp-json\/wp\/v2\/product_cat?post=286272"},{"taxonomy":"product_tag","embeddable":true,"href":"https:\/\/europrogress.it\/fr\/wp-json\/wp\/v2\/product_tag?post=286272"}],"curies":[{"name":"wp","href":"https:\/\/api.w.org\/{rel}","templated":true}]}}