{"id":286269,"date":"2024-10-08T11:00:37","date_gmt":"2024-10-08T11:00:37","guid":{"rendered":"https:\/\/europrogress.it\/prodotto\/capannoni-pesanti\/"},"modified":"2025-12-11T14:21:14","modified_gmt":"2025-12-11T14:21:14","slug":"multisunart-tr","status":"publish","type":"product","link":"https:\/\/europrogress.it\/fr\/produit\/multisunart-tr\/","title":{"rendered":"Multisunart TR"},"content":{"rendered":"<ul>\n<li><b>Pieds <\/b><span style=\"font-weight: 400;\">: \u00e0 sceller dans le b\u00e9ton \/ avec h\u00e9lice \/ avec h\u00e9lice et crochet \/ \u00e0 enterrer \/ \u00e0 fixer avec des chevilles.<\/span><\/li>\n<li><strong>Couverture:<\/strong> polycarbonate ondul\u00e9 \/ polycarbonate alv\u00e9olaire \/ Ondex blanc \/ panneaux sandwich. Le syst\u00e8me de fixation des panneaux photovolta\u00efques est cr\u00e9\u00e9 avec des profil\u00e9s d\u2019aluminium, adaptables \u00e0 toutes les dimensions des panneaux.<\/li>\n<li><b>Parois lat\u00e9rales<\/b> <span style=\"font-weight: 400;\">: enroulables manuellement ou motoris\u00e9es, avec possibilit\u00e9 de clin de bardage en polycarbonate alv\u00e9olaire, <\/span><span style=\"font-weight: 400;\">ondul\u00e9 ou Ondex blanc.<\/span><\/li>\n<li><b>Parois avant<\/b> <span style=\"font-weight: 400;\">: enroulables manuellement ou motoris\u00e9es, avec possibilit\u00e9 de clin de bardage en polycarbonate alv\u00e9olaire,<\/span><span style=\"font-weight: 400;\"> ondul\u00e9 ou Ondex blanc.<\/span><\/li>\n<li><span style=\"font-weight: 400;\">Diff\u00e9rentes<\/span> <b>ouvertures de fa\u00eetage<\/b> <span style=\"font-weight: 400;\">disponibles.<\/span><\/li>\n<\/ul>\n","protected":false},"excerpt":{"rendered":"<p><strong>Multisunart TR<\/strong> est un mod\u00e8le de serre \u00e0 trav\u00e9es multiples <strong>con\u00e7u pour<\/strong> les <strong>couvertures rigides<\/strong> gr\u00e2ce \u00e0 sa fa\u00eeti\u00e8re plate. Sa structure, qui le rend id\u00e9al comme hangar de stockage agricole aussi, se distingue par une <strong>r\u00e9sistance<\/strong> accrue <strong>aux charges verticales<\/strong>, gr\u00e2ce \u00e0 la pr\u00e9sence d\u2019une fa\u00eeti\u00e8re double en treillis.<\/p>\n<p><img loading=\"lazy\" decoding=\"async\" class=\"alignnone wp-image-283492 \" src=\"https:\/\/europrogress.it\/wp-content\/uploads\/2024\/05\/Immagine5-1.png\" alt=\"\" width=\"380\" height=\"74\" \/><\/p>\n","protected":false},"featured_media":284977,"comment_status":"open","ping_status":"closed","template":"","meta":{"_acf_changed":false,"_et_pb_use_builder":"","_et_pb_old_content":"","_et_gb_content_width":""},"product_brand":[],"product_cat":[122,130,128],"product_tag":[],"class_list":{"0":"post-286269","1":"product","2":"type-product","3":"status-publish","4":"has-post-thumbnail","6":"product_cat-serres","7":"product_cat-magazzini-agricoli-fr","8":"product_cat-serres-a-travees-multiples","10":"first","11":"instock","12":"shipping-taxable","13":"product-type-simple"},"acf":[],"_links":{"self":[{"href":"https:\/\/europrogress.it\/fr\/wp-json\/wp\/v2\/product\/286269","targetHints":{"allow":["GET"]}}],"collection":[{"href":"https:\/\/europrogress.it\/fr\/wp-json\/wp\/v2\/product"}],"about":[{"href":"https:\/\/europrogress.it\/fr\/wp-json\/wp\/v2\/types\/product"}],"replies":[{"embeddable":true,"href":"https:\/\/europrogress.it\/fr\/wp-json\/wp\/v2\/comments?post=286269"}],"wp:featuredmedia":[{"embeddable":true,"href":"https:\/\/europrogress.it\/fr\/wp-json\/wp\/v2\/media\/284977"}],"wp:attachment":[{"href":"https:\/\/europrogress.it\/fr\/wp-json\/wp\/v2\/media?parent=286269"}],"wp:term":[{"taxonomy":"product_brand","embeddable":true,"href":"https:\/\/europrogress.it\/fr\/wp-json\/wp\/v2\/product_brand?post=286269"},{"taxonomy":"product_cat","embeddable":true,"href":"https:\/\/europrogress.it\/fr\/wp-json\/wp\/v2\/product_cat?post=286269"},{"taxonomy":"product_tag","embeddable":true,"href":"https:\/\/europrogress.it\/fr\/wp-json\/wp\/v2\/product_tag?post=286269"}],"curies":[{"name":"wp","href":"https:\/\/api.w.org\/{rel}","templated":true}]}}