{"id":286263,"date":"2024-05-20T13:15:24","date_gmt":"2024-05-20T13:15:24","guid":{"rendered":"https:\/\/europrogress.it\/prodotto\/tunnelart\/"},"modified":"2025-12-11T15:22:21","modified_gmt":"2025-12-11T15:22:21","slug":"tunnelart","status":"publish","type":"product","link":"https:\/\/europrogress.it\/fr\/produit\/tunnelart\/","title":{"rendered":"Tunnelart"},"content":{"rendered":"<ul>\n<li><b>Pieds<\/b> <span style=\"font-weight: 400;\">: \u00e0 sceller dans le b\u00e9ton \/ avec h\u00e9lice \/ \u00e0 enterrer \/ \u00e0 fixer avec des chevilles.<\/span><\/li>\n<li><b>Couverture<\/b> <span style=\"font-weight: 400;\">: film blanc ou transparent \/ double film gonfl\u00e9 transparent ou blanc \/ film ou double film en PVC \/ film simple blanc avec une couche isolante en laine de verre.<\/span><\/li>\n<li><b>Parois lat\u00e9rales<\/b> <span style=\"font-weight: 400;\">:<\/span> <span style=\"font-weight: 400;\">enroulables manuellement ou motoris\u00e9es, avec possibilit\u00e9 de clin de bardage en polycarbonate alv\u00e9olaire ou ondul\u00e9.<\/span><\/li>\n<li><b>Parois avant<\/b> <span style=\"font-weight: 400;\">: <\/span><span style=\"font-weight: 400;\">enroulables manuellement ou motoris\u00e9es, avec possibilit\u00e9 de clin de bardage en polycarbonate alv\u00e9olaire ou ondul\u00e9.<\/span><\/li>\n<\/ul>\n","protected":false},"excerpt":{"rendered":"<p><span style=\"font-weight: 400;\"><strong>Tunnelart<\/strong> est le mod\u00e8le<\/span> <span style=\"font-weight: 400;\">de serre <\/span><span style=\"font-weight: 400;\">\u00e0 trav\u00e9e unique le<\/span> <b>plus \u00e9conomique<\/b> <span style=\"font-weight: 400;\">, id\u00e9al pour les agriculteurs et les amateurs. Son arcade ogivale permet <\/span>d\u2019<b>\u00e9vacuer<\/b> <span style=\"font-weight: 400;\">efficacement<\/span> <b>la neige et la condensation<\/b><span style=\"font-weight: 400;\">. De plus, sa conception peut \u00eatre am\u00e9lior\u00e9e avec diff\u00e9rentes options, ce qui lui permet d\u2019\u00eatre utilis\u00e9e non seulement pour l\u2019agriculture, mais aussi pour d\u2019autres secteurs.<\/span><\/p>\n<p><img loading=\"lazy\" decoding=\"async\" class=\"alignnone wp-image-283325\" src=\"https:\/\/europrogress.it\/wp-content\/uploads\/2024\/05\/Immagine4.png\" alt=\"\" width=\"260\" height=\"69\" \/><\/p>\n","protected":false},"featured_media":284821,"comment_status":"open","ping_status":"closed","template":"","meta":{"_acf_changed":false,"_et_pb_use_builder":"","_et_pb_old_content":"","_et_gb_content_width":""},"product_brand":[],"product_cat":[122,123],"product_tag":[],"class_list":{"0":"post-286263","1":"product","2":"type-product","3":"status-publish","4":"has-post-thumbnail","6":"product_cat-serres","7":"product_cat-serres-tunnels","9":"first","10":"instock","11":"shipping-taxable","12":"product-type-simple"},"acf":[],"_links":{"self":[{"href":"https:\/\/europrogress.it\/fr\/wp-json\/wp\/v2\/product\/286263","targetHints":{"allow":["GET"]}}],"collection":[{"href":"https:\/\/europrogress.it\/fr\/wp-json\/wp\/v2\/product"}],"about":[{"href":"https:\/\/europrogress.it\/fr\/wp-json\/wp\/v2\/types\/product"}],"replies":[{"embeddable":true,"href":"https:\/\/europrogress.it\/fr\/wp-json\/wp\/v2\/comments?post=286263"}],"wp:featuredmedia":[{"embeddable":true,"href":"https:\/\/europrogress.it\/fr\/wp-json\/wp\/v2\/media\/284821"}],"wp:attachment":[{"href":"https:\/\/europrogress.it\/fr\/wp-json\/wp\/v2\/media?parent=286263"}],"wp:term":[{"taxonomy":"product_brand","embeddable":true,"href":"https:\/\/europrogress.it\/fr\/wp-json\/wp\/v2\/product_brand?post=286263"},{"taxonomy":"product_cat","embeddable":true,"href":"https:\/\/europrogress.it\/fr\/wp-json\/wp\/v2\/product_cat?post=286263"},{"taxonomy":"product_tag","embeddable":true,"href":"https:\/\/europrogress.it\/fr\/wp-json\/wp\/v2\/product_tag?post=286263"}],"curies":[{"name":"wp","href":"https:\/\/api.w.org\/{rel}","templated":true}]}}