{"id":287484,"date":"2024-05-20T13:10:32","date_gmt":"2024-05-20T13:10:32","guid":{"rendered":"https:\/\/europrogress.it\/prodotto\/easyart\/"},"modified":"2025-02-28T13:34:13","modified_gmt":"2025-02-28T13:34:13","slug":"easyart","status":"publish","type":"product","link":"https:\/\/europrogress.it\/es\/producto\/easyart\/","title":{"rendered":"Easyart"},"content":{"rendered":"<ul>\n<li><strong>Opciones de pies<\/strong>: cementados\/helicoidales\/helicoidales con gancho\/enterrados\/atornillados.<\/li>\n<li><strong>Opciones de recubrimiento<\/strong>: pel\u00edcula simple blanca o transparente\/pel\u00edcula doble inflada transparente o blanca\/pel\u00edcula simple o doble de PVC\/pel\u00edcula simple blanca con capa intermedia de lana de vidrio.<\/li>\n<li><strong>Paredes laterales<\/strong>: enrollamiento manual o motorizado. Opci\u00f3n de revestimiento r\u00edgido de policarbonato ondulado o multipared. <\/li>\n<li><strong>Paredes extremas<\/strong>: enrollado manual o motorizado. Opci\u00f3n de revestimiento r\u00edgido en policarbonato ondulado o multipared. <\/li>\n<\/ul>\n","protected":false},"excerpt":{"rendered":"<p><strong>Easyart<\/strong> representa una evoluci\u00f3n del modelo de producci\u00f3n cl\u00e1sico, con paredes verticales que aumentan el <strong>volumen<\/strong> interno para mejorar la <strong>circulaci\u00f3n<\/strong> <strong>del aire<\/strong> y facilitar el acceso de maquinaria ligera. Esta estructura ofrece una amplia gama de opciones, lo que la hace adecuada para diversas aplicaciones. <\/p>\n<p><img loading=\"lazy\" decoding=\"async\" class=\"alignnone wp-image-283327\" src=\"https:\/\/europrogress.it\/wp-content\/uploads\/2024\/05\/Immagine5.png\" alt=\"\" width=\"390\" height=\"53\"><\/p>\n","protected":false},"featured_media":287497,"comment_status":"open","ping_status":"closed","template":"","meta":{"_acf_changed":false,"_et_pb_use_builder":"on","_et_pb_old_content":"<ul>\n \t<li><strong>Opciones de pies<\/strong>: cementados\/helicoidales\/helicoidales con gancho\/enterrados\/atornillados.<\/li>\n \t<li><strong>Opciones de recubrimiento<\/strong>: pel\u00edcula simple blanca o transparente\/pel\u00edcula doble inflada transparente o blanca\/pel\u00edcula simple o doble de PVC\/pel\u00edcula simple blanca con capa intermedia de lana de vidrio.<\/li>\n \t<li><strong>Paredes laterales<\/strong>: enrollamiento manual o motorizado. Opci\u00f3n de revestimiento r\u00edgido de policarbonato ondulado o multipared. <\/li>\n \t<li><strong>Paredes extremas<\/strong>: enrollado manual o motorizado. Opci\u00f3n de revestimiento r\u00edgido en policarbonato ondulado o multipared. <\/li>\n<\/ul>","_et_gb_content_width":""},"product_brand":[],"product_cat":[158,172],"product_tag":[],"class_list":{"0":"post-287484","1":"product","2":"type-product","3":"status-publish","4":"has-post-thumbnail","6":"product_cat-invernaderos","7":"product_cat-invernaderos-tunel","9":"first","10":"instock","11":"shipping-taxable","12":"product-type-simple"},"acf":[],"_links":{"self":[{"href":"https:\/\/europrogress.it\/es\/wp-json\/wp\/v2\/product\/287484","targetHints":{"allow":["GET"]}}],"collection":[{"href":"https:\/\/europrogress.it\/es\/wp-json\/wp\/v2\/product"}],"about":[{"href":"https:\/\/europrogress.it\/es\/wp-json\/wp\/v2\/types\/product"}],"replies":[{"embeddable":true,"href":"https:\/\/europrogress.it\/es\/wp-json\/wp\/v2\/comments?post=287484"}],"wp:featuredmedia":[{"embeddable":true,"href":"https:\/\/europrogress.it\/es\/wp-json\/wp\/v2\/media\/287497"}],"wp:attachment":[{"href":"https:\/\/europrogress.it\/es\/wp-json\/wp\/v2\/media?parent=287484"}],"wp:term":[{"taxonomy":"product_brand","embeddable":true,"href":"https:\/\/europrogress.it\/es\/wp-json\/wp\/v2\/product_brand?post=287484"},{"taxonomy":"product_cat","embeddable":true,"href":"https:\/\/europrogress.it\/es\/wp-json\/wp\/v2\/product_cat?post=287484"},{"taxonomy":"product_tag","embeddable":true,"href":"https:\/\/europrogress.it\/es\/wp-json\/wp\/v2\/product_tag?post=287484"}],"curies":[{"name":"wp","href":"https:\/\/api.w.org\/{rel}","templated":true}]}}