{"id":287452,"date":"2024-05-20T13:15:24","date_gmt":"2024-05-20T13:15:24","guid":{"rendered":"https:\/\/europrogress.it\/prodotto\/tunnelart\/"},"modified":"2025-02-28T13:20:52","modified_gmt":"2025-02-28T13:20:52","slug":"tunnelart","status":"publish","type":"product","link":"https:\/\/europrogress.it\/es\/producto\/tunnelart\/","title":{"rendered":"Tunnelart"},"content":{"rendered":"<ul>\n<li><b>Opciones de pies<\/b><span style=\"font-weight: 400;\">: cementados\/helicoidales\/enterrados\/atornillados.<\/span><\/li>\n<li><b>Opciones de recubrimiento<\/b><span style=\"font-weight: 400;\">: pel\u00edcula simple blanca o transparente\/pel\u00edcula doble inflada transparente o blanca\/pel\u00edcula simple o doble de PVC\/pel\u00edcula simple blanca con capa intermedia de lana de vidrio.<\/span><\/li>\n<li> <b>Paredes laterales<\/b><span style=\"font-weight: 400;\">: enrollamiento manual o motorizado. Opci\u00f3n de revestimiento r\u00edgido de<\/span><span style=\"font-weight: 400;\"> policarbonato ondulado o multipared.<\/span><\/li>\n<li><b>Paredes extremas<\/b><span style=\"font-weight: 400;\">: enrollado manual o motorizado. Opci\u00f3n de revestimiento r\u00edgido <\/span><span style=\"font-weight: 400;\">en policarbonato ondulado o multipared.<\/span><\/li>\n<\/ul>\n","protected":false},"excerpt":{"rendered":"<p><span style=\"font-weight: 400;\"><strong>Tunnelart<\/strong> es el modelo<\/span><span style=\"font-weight: 400;\"> de invernadero <\/span><span style=\"font-weight: 400;\">individual <\/span><b>m\u00e1s rentable<\/b> <span style=\"font-weight: 400;\">, ideal para agricultores y aficionados. Su forma de arco ojival  <\/span><b>protege <\/b><span style=\"font-weight: 400;\">eficazmente de la<\/span> <b>nieve y reduce la condensaci\u00f3n interna<\/b><span style=\"font-weight: 400;\">. Con caracter\u00edsticas opcionales adicionales, su uso se extiende m\u00e1s all\u00e1 de la agricultura.<\/span><\/p>\n<p><img loading=\"lazy\" decoding=\"async\" class=\"alignnone wp-image-283325\" src=\"https:\/\/europrogress.it\/wp-content\/uploads\/2024\/05\/Immagine4.png\" alt=\"\" width=\"260\" height=\"69\"><\/p>\n","protected":false},"featured_media":287453,"comment_status":"open","ping_status":"closed","template":"","meta":{"_acf_changed":false,"_et_pb_use_builder":"","_et_pb_old_content":"","_et_gb_content_width":""},"product_brand":[],"product_cat":[158,172],"product_tag":[],"class_list":{"0":"post-287452","1":"product","2":"type-product","3":"status-publish","4":"has-post-thumbnail","6":"product_cat-invernaderos","7":"product_cat-invernaderos-tunel","9":"first","10":"instock","11":"shipping-taxable","12":"product-type-simple"},"acf":[],"_links":{"self":[{"href":"https:\/\/europrogress.it\/es\/wp-json\/wp\/v2\/product\/287452","targetHints":{"allow":["GET"]}}],"collection":[{"href":"https:\/\/europrogress.it\/es\/wp-json\/wp\/v2\/product"}],"about":[{"href":"https:\/\/europrogress.it\/es\/wp-json\/wp\/v2\/types\/product"}],"replies":[{"embeddable":true,"href":"https:\/\/europrogress.it\/es\/wp-json\/wp\/v2\/comments?post=287452"}],"wp:featuredmedia":[{"embeddable":true,"href":"https:\/\/europrogress.it\/es\/wp-json\/wp\/v2\/media\/287453"}],"wp:attachment":[{"href":"https:\/\/europrogress.it\/es\/wp-json\/wp\/v2\/media?parent=287452"}],"wp:term":[{"taxonomy":"product_brand","embeddable":true,"href":"https:\/\/europrogress.it\/es\/wp-json\/wp\/v2\/product_brand?post=287452"},{"taxonomy":"product_cat","embeddable":true,"href":"https:\/\/europrogress.it\/es\/wp-json\/wp\/v2\/product_cat?post=287452"},{"taxonomy":"product_tag","embeddable":true,"href":"https:\/\/europrogress.it\/es\/wp-json\/wp\/v2\/product_tag?post=287452"}],"curies":[{"name":"wp","href":"https:\/\/api.w.org\/{rel}","templated":true}]}}