{"id":287400,"date":"2024-05-20T14:07:28","date_gmt":"2024-05-20T14:07:28","guid":{"rendered":"https:\/\/europrogress.it\/prodotto\/multieasy\/"},"modified":"2025-02-28T11:56:27","modified_gmt":"2025-02-28T11:56:27","slug":"multieasy","status":"publish","type":"product","link":"https:\/\/europrogress.it\/es\/producto\/multieasy\/","title":{"rendered":"Multieasy"},"content":{"rendered":"<ul>\n<li><span style=\"font-weight: 400;\"> <\/span><b>Opciones de pies<\/b>:<span style=\"font-weight: 400;\"> cementados\/helicoidales\/enterrados.<\/span><\/li>\n<li><b>Opciones de revestimiento<\/b><span style=\"font-weight: 400;\">: pel\u00edcula simple blanca o transparente\/red de sombreado antigranizo.<\/span><\/li>\n<li><b>Paredes laterales<\/b><span style=\"font-weight: 400;\">: enrollamiento manual o motorizado.<\/span><\/li>\n<li><span style=\"font-weight: 400;\"> <\/span><b>Paredes extremas<\/b><span style=\"font-weight: 400;\">: enrollamiento manual o motorizado.<\/span><\/li>\n<\/ul>\n","protected":false},"excerpt":{"rendered":"<p><span style=\"font-weight: 400;\"><strong>Multieasy<\/strong> es un invernadero de varios tramos caracterizado por una<\/span><b> forma de arco g\u00f3tico<\/b><span style=\"font-weight: 400;\">, dise\u00f1ado espec\u00edficamente para pa\u00edses con fuertes <\/span><b>nevadas<\/b><span style=\"font-weight: 400;\">. Los modelos con anchuras de 5 a 6,5 metros son ideales para  <\/span><b>cultivos sin suelo<\/b><span style=\"font-weight: 400;\">, mientras que los que van de 7,5 a 9 metros se benefician del gran volumen interno y son m\u00e1s adecuados para  <\/span><b>cultivos <\/b><b>con suelo<\/b><span style=\"font-weight: 400;\">.<\/span><\/p>\n<p><img loading=\"lazy\" decoding=\"async\" class=\"alignnone wp-image-283471 size-full\" src=\"https:\/\/europrogress.it\/wp-content\/uploads\/2024\/05\/Immagine1.png\" alt=\"\" width=\"562\" height=\"57\" srcset=\"https:\/\/europrogress.it\/wp-content\/uploads\/2024\/05\/Immagine1.png 562w, https:\/\/europrogress.it\/wp-content\/uploads\/2024\/05\/Immagine1-480x49.png 480w\" sizes=\"(min-width: 0px) and (max-width: 480px) 480px, (min-width: 481px) 562px, 100vw\" \/><\/p>\n","protected":false},"featured_media":287411,"comment_status":"open","ping_status":"closed","template":"","meta":{"_acf_changed":false,"_et_pb_use_builder":"off","_et_pb_old_content":"<ul>\n \t<li><span style=\"font-weight: 400\"> <\/span><b>Opciones de pies<\/b>:<span style=\"font-weight: 400\"> cementados\/helicoidales\/enterrados.<\/span><\/li>\n \t<li><b>Opciones de revestimiento<\/b><span style=\"font-weight: 400\">: pel\u00edcula simple blanca o transparente\/red de sombreado antigranizo.<\/span><\/li>\n \t<li><b>Paredes laterales<\/b>:<span style=\"font-weight: 400\"> enrollables manuales o motorizadas.<\/span><\/li>\n \t<li><span style=\"font-weight: 400\"> <\/span><b>Paredes extremas<\/b>:<span style=\"font-weight: 400\"> enrollamiento manual o motorizado.<\/span><\/li>\n<\/ul>","_et_gb_content_width":""},"product_brand":[],"product_cat":[158,159],"product_tag":[],"class_list":{"0":"post-287400","1":"product","2":"type-product","3":"status-publish","4":"has-post-thumbnail","6":"product_cat-invernaderos","7":"product_cat-invernaderos-de-varios-tramos","9":"first","10":"instock","11":"shipping-taxable","12":"product-type-simple"},"acf":[],"_links":{"self":[{"href":"https:\/\/europrogress.it\/es\/wp-json\/wp\/v2\/product\/287400","targetHints":{"allow":["GET"]}}],"collection":[{"href":"https:\/\/europrogress.it\/es\/wp-json\/wp\/v2\/product"}],"about":[{"href":"https:\/\/europrogress.it\/es\/wp-json\/wp\/v2\/types\/product"}],"replies":[{"embeddable":true,"href":"https:\/\/europrogress.it\/es\/wp-json\/wp\/v2\/comments?post=287400"}],"wp:featuredmedia":[{"embeddable":true,"href":"https:\/\/europrogress.it\/es\/wp-json\/wp\/v2\/media\/287411"}],"wp:attachment":[{"href":"https:\/\/europrogress.it\/es\/wp-json\/wp\/v2\/media?parent=287400"}],"wp:term":[{"taxonomy":"product_brand","embeddable":true,"href":"https:\/\/europrogress.it\/es\/wp-json\/wp\/v2\/product_brand?post=287400"},{"taxonomy":"product_cat","embeddable":true,"href":"https:\/\/europrogress.it\/es\/wp-json\/wp\/v2\/product_cat?post=287400"},{"taxonomy":"product_tag","embeddable":true,"href":"https:\/\/europrogress.it\/es\/wp-json\/wp\/v2\/product_tag?post=287400"}],"curies":[{"name":"wp","href":"https:\/\/api.w.org\/{rel}","templated":true}]}}