{"id":287238,"date":"2024-07-09T16:30:32","date_gmt":"2024-07-09T16:30:32","guid":{"rendered":"https:\/\/europrogress.it\/prodotto\/multisunart-monofalda\/"},"modified":"2025-02-28T09:06:08","modified_gmt":"2025-02-28T09:06:08","slug":"multisunart-monofalda","status":"publish","type":"product","link":"https:\/\/europrogress.it\/es\/producto\/multisunart-monofalda\/","title":{"rendered":"Multisunart de una pendiente"},"content":{"rendered":"<ul>\n<li><b>Opciones de pies<\/b><span style=\"font-weight: 400;\">: cementados\/helicoidales\/enterrados\/atornillados.<\/span><\/li>\n<li><b>Paredes laterales<\/b><span style=\"font-weight: 400;\">: enrollables manuales o motorizadas. <\/span><span style=\"font-weight: 400;\">Recubrimiento con pel\u00edcula transparente o malla anti\u00e1fidos.<\/span><\/li>\n<li><b>Paredes extremas<\/b><span style=\"font-weight: 400;\">: <\/span><span style=\"font-weight: 400;\">enrollamiento manual o motorizado. Revestimiento con pel\u00edcula transparente o red anti\u00e1fidos.<\/span><\/li>\n<\/ul>\n","protected":false},"excerpt":{"rendered":"<p><span style=\"font-weight: 400;\"><strong>Multisunart <\/strong><\/span><b>de una pendiente<\/b> es una<span style=\"font-weight: 400;\"> versi\u00f3n mejorada del Multisunart, dise\u00f1ada para aprovechar al m\u00e1ximo todo el espacio del sistema fotovoltaico. Su estructura aprovecha al m\u00e1ximo la  <\/span><b>radiaci\u00f3n solar<\/b><span style=\"font-weight: 400;\">, con inclinaci\u00f3n<\/span><b> ajustable <\/b><span style=\"font-weight: 400;\">en funci\u00f3n de las necesidades de la latitud.<\/span><\/p>\n<p><img loading=\"lazy\" decoding=\"async\" class=\"alignnone wp-image-283509\" src=\"https:\/\/europrogress.it\/wp-content\/uploads\/2024\/07\/Immagine7.png\" alt=\"\" width=\"129\" height=\"138\"><img loading=\"lazy\" decoding=\"async\" class=\"alignnone wp-image-283510\" src=\"https:\/\/europrogress.it\/wp-content\/uploads\/2024\/07\/Immagine8.png\" alt=\"\" width=\"221\" height=\"99\"><\/p>\n","protected":false},"featured_media":287241,"comment_status":"open","ping_status":"closed","template":"","meta":{"_acf_changed":false,"_et_pb_use_builder":"","_et_pb_old_content":"","_et_gb_content_width":""},"product_brand":[],"product_cat":[164,165],"product_tag":[],"class_list":{"0":"post-287238","1":"product","2":"type-product","3":"status-publish","4":"has-post-thumbnail","6":"product_cat-agrivoltaica","7":"product_cat-otras-soluciones","9":"first","10":"instock","11":"shipping-taxable","12":"product-type-simple"},"acf":[],"_links":{"self":[{"href":"https:\/\/europrogress.it\/es\/wp-json\/wp\/v2\/product\/287238","targetHints":{"allow":["GET"]}}],"collection":[{"href":"https:\/\/europrogress.it\/es\/wp-json\/wp\/v2\/product"}],"about":[{"href":"https:\/\/europrogress.it\/es\/wp-json\/wp\/v2\/types\/product"}],"replies":[{"embeddable":true,"href":"https:\/\/europrogress.it\/es\/wp-json\/wp\/v2\/comments?post=287238"}],"wp:featuredmedia":[{"embeddable":true,"href":"https:\/\/europrogress.it\/es\/wp-json\/wp\/v2\/media\/287241"}],"wp:attachment":[{"href":"https:\/\/europrogress.it\/es\/wp-json\/wp\/v2\/media?parent=287238"}],"wp:term":[{"taxonomy":"product_brand","embeddable":true,"href":"https:\/\/europrogress.it\/es\/wp-json\/wp\/v2\/product_brand?post=287238"},{"taxonomy":"product_cat","embeddable":true,"href":"https:\/\/europrogress.it\/es\/wp-json\/wp\/v2\/product_cat?post=287238"},{"taxonomy":"product_tag","embeddable":true,"href":"https:\/\/europrogress.it\/es\/wp-json\/wp\/v2\/product_tag?post=287238"}],"curies":[{"name":"wp","href":"https:\/\/api.w.org\/{rel}","templated":true}]}}